{"id":100,"date":"2020-05-11T13:43:10","date_gmt":"2020-05-11T11:43:10","guid":{"rendered":"https:\/\/obertilliacher-bergbahnen.com\/?page_id=100"},"modified":"2024-04-09T11:27:40","modified_gmt":"2024-04-09T09:27:40","slug":"mountainbiken","status":"publish","type":"page","link":"https:\/\/obertilliacher-bergbahnen.com\/it\/mountainbiken\/","title":{"rendered":"Mountainbike"},"content":{"rendered":"\n<p class=\"wp-block-paragraph\">Anche per questa specialit\u00e0, il Golzentipp ha ottimi percorsi da offrire. Uno dei pi\u00f9 amati \u00e8 quello che parte dalla Connyalm ad Obertilliach (seguendo la linea di trasporto merci), dove potrete appagare la vostra sete o godervi un abbondante rinfresco. Per ciclisti allenati ed esperti \u00e8 anche possibile continuare il percorso fino alla croce di vetta del Golzentipp.<\/p>\n\n\n\n<p class=\"wp-block-paragraph\">Tantissimi percorsi forestali e di trasporto merci vi inviteranno, inoltre, a partecipare a magnifici percorsi in <em>mountainbike<\/em> o bicicletta elettrica. Dovrete, per\u00f2, sempre fare attenzione ad escursionisti a piedi ed animali.<\/p>\n\n\n\n<div class=\"wp-block-jetpack-tiled-gallery aligncenter is-style-rectangular\"><div class=\"tiled-gallery__gallery\"><div class=\"tiled-gallery__row\"><div class=\"tiled-gallery__col\" style=\"flex-basis:66.74718%\"><figure class=\"tiled-gallery__item\"><img decoding=\"async\" data-attachment-id=\"4749\" data-permalink=\"https:\/\/obertilliacher-bergbahnen.com\/it\/neues-projekt-4\/\" data-orig-file=\"https:\/\/obertilliacher-bergbahnen.com\/wp-content\/uploads\/2024\/04\/Neues-Projekt-4.jpg\" data-orig-size=\"640,640\" data-comments-opened=\"0\" data-image-meta=\"{&quot;aperture&quot;:&quot;0&quot;,&quot;credit&quot;:&quot;&quot;,&quot;camera&quot;:&quot;&quot;,&quot;caption&quot;:&quot;&quot;,&quot;created_timestamp&quot;:&quot;0&quot;,&quot;copyright&quot;:&quot;&quot;,&quot;focal_length&quot;:&quot;0&quot;,&quot;iso&quot;:&quot;0&quot;,&quot;shutter_speed&quot;:&quot;0&quot;,&quot;title&quot;:&quot;&quot;,&quot;orientation&quot;:&quot;0&quot;}\" data-image-title=\"Neues Projekt (4)\" data-image-description=\"\" data-image-caption=\"\" data-medium-file=\"https:\/\/obertilliacher-bergbahnen.com\/wp-content\/uploads\/2024\/04\/Neues-Projekt-4-300x300.jpg\" data-large-file=\"https:\/\/obertilliacher-bergbahnen.com\/wp-content\/uploads\/2024\/04\/Neues-Projekt-4.jpg\" data-attachment-id=\"4749\" data-permalink=\"https:\/\/obertilliacher-bergbahnen.com\/it\/neues-projekt-4\/\" data-orig-file=\"https:\/\/obertilliacher-bergbahnen.com\/wp-content\/uploads\/2024\/04\/Neues-Projekt-4.jpg\" data-orig-size=\"640,640\" data-comments-opened=\"0\" data-image-meta=\"{&quot;aperture&quot;:&quot;0&quot;,&quot;credit&quot;:&quot;&quot;,&quot;camera&quot;:&quot;&quot;,&quot;caption&quot;:&quot;&quot;,&quot;created_timestamp&quot;:&quot;0&quot;,&quot;copyright&quot;:&quot;&quot;,&quot;focal_length&quot;:&quot;0&quot;,&quot;iso&quot;:&quot;0&quot;,&quot;shutter_speed&quot;:&quot;0&quot;,&quot;title&quot;:&quot;&quot;,&quot;orientation&quot;:&quot;0&quot;}\" data-image-title=\"Neues Projekt (4)\" data-image-description=\"\" data-image-caption=\"\" data-medium-file=\"https:\/\/obertilliacher-bergbahnen.com\/wp-content\/uploads\/2024\/04\/Neues-Projekt-4-300x300.jpg\" data-large-file=\"https:\/\/obertilliacher-bergbahnen.com\/wp-content\/uploads\/2024\/04\/Neues-Projekt-4.jpg\" role=\"button\" tabindex=\"0\" aria-label=\"Apri immagine 1 di 3 a schermo intero\"srcset=\"https:\/\/i2.wp.com\/obertilliacher-bergbahnen.com\/wp-content\/uploads\/2024\/04\/Neues-Projekt-4.jpg?strip=info&#038;w=600&#038;ssl=1 600w,https:\/\/i2.wp.com\/obertilliacher-bergbahnen.com\/wp-content\/uploads\/2024\/04\/Neues-Projekt-4.jpg?strip=info&#038;w=640&#038;ssl=1 640w\" alt=\"\" data-height=\"640\" data-id=\"4749\" data-link=\"https:\/\/obertilliacher-bergbahnen.com\/neues-projekt-4\/\" data-url=\"https:\/\/obertilliacher-bergbahnen.com\/wp-content\/uploads\/2024\/04\/Neues-Projekt-4.jpg\" data-width=\"640\" src=\"https:\/\/i2.wp.com\/obertilliacher-bergbahnen.com\/wp-content\/uploads\/2024\/04\/Neues-Projekt-4.jpg?ssl=1\" data-amp-layout=\"responsive\"\/><\/figure><\/div><div class=\"tiled-gallery__col\" style=\"flex-basis:33.25282%\"><figure class=\"tiled-gallery__item\"><img decoding=\"async\" data-attachment-id=\"4747\" data-permalink=\"https:\/\/obertilliacher-bergbahnen.com\/it\/neues-projekt-6\/\" data-orig-file=\"https:\/\/obertilliacher-bergbahnen.com\/wp-content\/uploads\/2024\/04\/Neues-Projekt-6.jpg\" data-orig-size=\"640,640\" data-comments-opened=\"0\" data-image-meta=\"{&quot;aperture&quot;:&quot;0&quot;,&quot;credit&quot;:&quot;&quot;,&quot;camera&quot;:&quot;&quot;,&quot;caption&quot;:&quot;&quot;,&quot;created_timestamp&quot;:&quot;0&quot;,&quot;copyright&quot;:&quot;&quot;,&quot;focal_length&quot;:&quot;0&quot;,&quot;iso&quot;:&quot;0&quot;,&quot;shutter_speed&quot;:&quot;0&quot;,&quot;title&quot;:&quot;&quot;,&quot;orientation&quot;:&quot;0&quot;}\" data-image-title=\"Neues Projekt (6)\" data-image-description=\"\" data-image-caption=\"\" data-medium-file=\"https:\/\/obertilliacher-bergbahnen.com\/wp-content\/uploads\/2024\/04\/Neues-Projekt-6-300x300.jpg\" data-large-file=\"https:\/\/obertilliacher-bergbahnen.com\/wp-content\/uploads\/2024\/04\/Neues-Projekt-6.jpg\" data-attachment-id=\"4747\" data-permalink=\"https:\/\/obertilliacher-bergbahnen.com\/it\/neues-projekt-6\/\" data-orig-file=\"https:\/\/obertilliacher-bergbahnen.com\/wp-content\/uploads\/2024\/04\/Neues-Projekt-6.jpg\" data-orig-size=\"640,640\" data-comments-opened=\"0\" data-image-meta=\"{&quot;aperture&quot;:&quot;0&quot;,&quot;credit&quot;:&quot;&quot;,&quot;camera&quot;:&quot;&quot;,&quot;caption&quot;:&quot;&quot;,&quot;created_timestamp&quot;:&quot;0&quot;,&quot;copyright&quot;:&quot;&quot;,&quot;focal_length&quot;:&quot;0&quot;,&quot;iso&quot;:&quot;0&quot;,&quot;shutter_speed&quot;:&quot;0&quot;,&quot;title&quot;:&quot;&quot;,&quot;orientation&quot;:&quot;0&quot;}\" data-image-title=\"Neues Projekt (6)\" data-image-description=\"\" data-image-caption=\"\" data-medium-file=\"https:\/\/obertilliacher-bergbahnen.com\/wp-content\/uploads\/2024\/04\/Neues-Projekt-6-300x300.jpg\" data-large-file=\"https:\/\/obertilliacher-bergbahnen.com\/wp-content\/uploads\/2024\/04\/Neues-Projekt-6.jpg\" role=\"button\" tabindex=\"0\" aria-label=\"Apri immagine 2 di 3 a schermo intero\"srcset=\"https:\/\/i0.wp.com\/obertilliacher-bergbahnen.com\/wp-content\/uploads\/2024\/04\/Neues-Projekt-6.jpg?strip=info&#038;w=600&#038;ssl=1 600w,https:\/\/i0.wp.com\/obertilliacher-bergbahnen.com\/wp-content\/uploads\/2024\/04\/Neues-Projekt-6.jpg?strip=info&#038;w=640&#038;ssl=1 640w\" alt=\"\" data-height=\"640\" data-id=\"4747\" data-link=\"https:\/\/obertilliacher-bergbahnen.com\/neues-projekt-6\/\" data-url=\"https:\/\/obertilliacher-bergbahnen.com\/wp-content\/uploads\/2024\/04\/Neues-Projekt-6.jpg\" data-width=\"640\" src=\"https:\/\/i0.wp.com\/obertilliacher-bergbahnen.com\/wp-content\/uploads\/2024\/04\/Neues-Projekt-6.jpg?ssl=1\" data-amp-layout=\"responsive\"\/><\/figure><figure class=\"tiled-gallery__item\"><img decoding=\"async\" data-attachment-id=\"4750\" data-permalink=\"https:\/\/obertilliacher-bergbahnen.com\/it\/neues-projekt-3\/\" data-orig-file=\"https:\/\/obertilliacher-bergbahnen.com\/wp-content\/uploads\/2024\/04\/Neues-Projekt-3.jpg\" data-orig-size=\"640,640\" data-comments-opened=\"0\" data-image-meta=\"{&quot;aperture&quot;:&quot;0&quot;,&quot;credit&quot;:&quot;&quot;,&quot;camera&quot;:&quot;&quot;,&quot;caption&quot;:&quot;&quot;,&quot;created_timestamp&quot;:&quot;0&quot;,&quot;copyright&quot;:&quot;&quot;,&quot;focal_length&quot;:&quot;0&quot;,&quot;iso&quot;:&quot;0&quot;,&quot;shutter_speed&quot;:&quot;0&quot;,&quot;title&quot;:&quot;&quot;,&quot;orientation&quot;:&quot;0&quot;}\" data-image-title=\"Neues Projekt (3)\" data-image-description=\"\" data-image-caption=\"\" data-medium-file=\"https:\/\/obertilliacher-bergbahnen.com\/wp-content\/uploads\/2024\/04\/Neues-Projekt-3-300x300.jpg\" data-large-file=\"https:\/\/obertilliacher-bergbahnen.com\/wp-content\/uploads\/2024\/04\/Neues-Projekt-3.jpg\" data-attachment-id=\"4750\" data-permalink=\"https:\/\/obertilliacher-bergbahnen.com\/it\/neues-projekt-3\/\" data-orig-file=\"https:\/\/obertilliacher-bergbahnen.com\/wp-content\/uploads\/2024\/04\/Neues-Projekt-3.jpg\" data-orig-size=\"640,640\" data-comments-opened=\"0\" data-image-meta=\"{&quot;aperture&quot;:&quot;0&quot;,&quot;credit&quot;:&quot;&quot;,&quot;camera&quot;:&quot;&quot;,&quot;caption&quot;:&quot;&quot;,&quot;created_timestamp&quot;:&quot;0&quot;,&quot;copyright&quot;:&quot;&quot;,&quot;focal_length&quot;:&quot;0&quot;,&quot;iso&quot;:&quot;0&quot;,&quot;shutter_speed&quot;:&quot;0&quot;,&quot;title&quot;:&quot;&quot;,&quot;orientation&quot;:&quot;0&quot;}\" data-image-title=\"Neues Projekt (3)\" data-image-description=\"\" data-image-caption=\"\" data-medium-file=\"https:\/\/obertilliacher-bergbahnen.com\/wp-content\/uploads\/2024\/04\/Neues-Projekt-3-300x300.jpg\" data-large-file=\"https:\/\/obertilliacher-bergbahnen.com\/wp-content\/uploads\/2024\/04\/Neues-Projekt-3.jpg\" role=\"button\" tabindex=\"0\" aria-label=\"Apri immagine 3 di 3 a schermo intero\"srcset=\"https:\/\/i2.wp.com\/obertilliacher-bergbahnen.com\/wp-content\/uploads\/2024\/04\/Neues-Projekt-3.jpg?strip=info&#038;w=600&#038;ssl=1 600w,https:\/\/i2.wp.com\/obertilliacher-bergbahnen.com\/wp-content\/uploads\/2024\/04\/Neues-Projekt-3.jpg?strip=info&#038;w=640&#038;ssl=1 640w\" alt=\"\" data-height=\"640\" data-id=\"4750\" data-link=\"https:\/\/obertilliacher-bergbahnen.com\/neues-projekt-3\/\" data-url=\"https:\/\/obertilliacher-bergbahnen.com\/wp-content\/uploads\/2024\/04\/Neues-Projekt-3.jpg\" data-width=\"640\" src=\"https:\/\/i2.wp.com\/obertilliacher-bergbahnen.com\/wp-content\/uploads\/2024\/04\/Neues-Projekt-3.jpg?ssl=1\" data-amp-layout=\"responsive\"\/><\/figure><\/div><\/div><\/div><\/div>\n\n\n\n<div style=\"height:30px\" aria-hidden=\"true\" class=\"wp-block-spacer\"><\/div>\n\n\n\n<div class=\"wp-block-cover alignfull has-parallax\"><span aria-hidden=\"true\" class=\"wp-block-cover__background has-background-dim-60 has-background-dim\" style=\"background-color:#000000\"><\/span><div class=\"wp-block-cover__image-background wp-image-869 has-parallax\" style=\"background-position:50% 50%;background-image:url(https:\/\/obertilliacher-bergbahnen.com\/wp-content\/uploads\/2020\/06\/S2C150045-1.jpg)\"><\/div><div class=\"wp-block-cover__inner-container is-layout-flow wp-block-cover-is-layout-flow\">\n<p class=\"has-text-align-center wp-block-paragraph\" style=\"font-size:33px\"><strong>Obertilliacher Bergbahnen<\/strong><\/p>\n\n\n\n<div class=\"wp-block-columns is-layout-flex wp-container-core-columns-is-layout-8f761849 wp-block-columns-is-layout-flex\">\n<div class=\"wp-block-column is-layout-flow wp-block-column-is-layout-flow\">\n<figure class=\"wp-block-image size-large\"><img loading=\"lazy\" decoding=\"async\" width=\"200\" height=\"200\" data-attachment-id=\"648\" data-permalink=\"https:\/\/obertilliacher-bergbahnen.com\/it\/logoneu\/\" data-orig-file=\"https:\/\/obertilliacher-bergbahnen.com\/wp-content\/uploads\/2020\/05\/logoneu.png\" data-orig-size=\"200,200\" data-comments-opened=\"0\" data-image-meta=\"{&quot;aperture&quot;:&quot;0&quot;,&quot;credit&quot;:&quot;&quot;,&quot;camera&quot;:&quot;&quot;,&quot;caption&quot;:&quot;&quot;,&quot;created_timestamp&quot;:&quot;0&quot;,&quot;copyright&quot;:&quot;&quot;,&quot;focal_length&quot;:&quot;0&quot;,&quot;iso&quot;:&quot;0&quot;,&quot;shutter_speed&quot;:&quot;0&quot;,&quot;title&quot;:&quot;&quot;,&quot;orientation&quot;:&quot;0&quot;}\" data-image-title=\"logoneu\" data-image-description=\"\" data-image-caption=\"\" data-medium-file=\"https:\/\/obertilliacher-bergbahnen.com\/wp-content\/uploads\/2020\/05\/logoneu.png\" data-large-file=\"https:\/\/obertilliacher-bergbahnen.com\/wp-content\/uploads\/2020\/05\/logoneu.png\" src=\"https:\/\/obertilliacher-bergbahnen.com\/wp-content\/uploads\/2020\/05\/logoneu.png\" alt=\"\" class=\"wp-image-648\" srcset=\"https:\/\/obertilliacher-bergbahnen.com\/wp-content\/uploads\/2020\/05\/logoneu.png 200w, https:\/\/obertilliacher-bergbahnen.com\/wp-content\/uploads\/2020\/05\/logoneu-150x150.png 150w\" sizes=\"auto, (max-width: 200px) 100vw, 200px\" \/><\/figure>\n<\/div>\n\n\n\n<div class=\"wp-block-column is-layout-flow wp-block-column-is-layout-flow\">\n<h5 class=\"wp-block-heading has-text-align-left\" id=\"offnungszeiten\">Gesch\u00e4ftsf\u00fchrer<\/h5>\n\n\n\n<p class=\"wp-block-paragraph\" style=\"font-size:14px\">Lugger Josef<br><br><a href=\"https:\/\/obertilliacher-bergbahnen.com\/impressum\/\">Impressum<\/a><\/p>\n<\/div>\n\n\n\n<div class=\"wp-block-column is-layout-flow wp-block-column-is-layout-flow\">\n<h5 class=\"wp-block-heading has-text-align-left\" id=\"adresse\">Adresse<\/h5>\n\n\n\n<p class=\"has-text-align-left wp-block-paragraph\" style=\"font-size:14px\">Dorf 135<br>9942 Obertilliach<br>AUSTRIA<br><\/p>\n<\/div>\n\n\n\n<div class=\"wp-block-column is-layout-flow wp-block-column-is-layout-flow\">\n<h5 class=\"wp-block-heading\" id=\"kontakt\">Kontakt<\/h5>\n\n\n\n<p class=\"wp-block-paragraph\" style=\"font-size:14px\">+43 48 47 5300<br><a href=\"mailto:info@obertilliacher-bergbahen.com\">info@obertilliacher-bergbahnen.com<\/a><\/p>\n<\/div>\n<\/div>\n<\/div><\/div>\n","protected":false},"excerpt":{"rendered":"<p>Anche per questa specialit\u00e0, il Golzentipp ha ottimi percorsi da offrire. Uno dei pi\u00f9 amati \u00e8 quello che parte dalla Connyalm ad Obertilliach (seguendo la linea di trasporto merci), dove potrete appagare la vostra sete o godervi un abbondante rinfresco. Per ciclisti allenati ed esperti \u00e8 anche possibile continuare il percorso fino alla croce di [&hellip;]<\/p>\n","protected":false},"author":185150346,"featured_media":0,"parent":0,"menu_order":0,"comment_status":"closed","ping_status":"closed","template":"","meta":{"_coblocks_attr":"","_coblocks_dimensions":"","_coblocks_responsive_height":"","_coblocks_accordion_ie_support":"","_crdt_document":"","footnotes":""},"class_list":{"0":"post-100","1":"page","2":"type-page","3":"status-publish","5":"entry"},"translation":{"provider":"WPGlobus","version":"3.0.2","language":"it","enabled_languages":["de","gb","it"],"languages":{"de":{"title":true,"content":true,"excerpt":false},"gb":{"title":true,"content":true,"excerpt":false},"it":{"title":true,"content":true,"excerpt":false}}},"yoast_head":"<!-- This site is optimized with the Yoast SEO plugin v27.3 - https:\/\/yoast.com\/product\/yoast-seo-wordpress\/ -->\n<title>Mountainbike  - Monte sciistico e d\u2019esplorazione<\/title>\n<meta name=\"robots\" content=\"index, follow, max-snippet:-1, max-image-preview:large, max-video-preview:-1\" \/>\n<link rel=\"canonical\" href=\"https:\/\/obertilliacher-bergbahnen.com\/mountainbiken\/\" \/>\n<meta property=\"og:locale\" content=\"it_IT\" \/>\n<meta property=\"og:type\" content=\"article\" \/>\n<meta property=\"og:title\" content=\"Mountainbike  - Monte sciistico e d\u2019esplorazione\" \/>\n<meta property=\"og:url\" content=\"https:\/\/obertilliacher-bergbahnen.com\/mountainbiken\/\" \/>\n<meta property=\"og:site_name\" content=\"Monte sciistico e d\u2019esplorazione\" \/>\n<meta property=\"article:modified_time\" content=\"2024-04-09T09:27:40+00:00\" \/>\n<meta property=\"og:image\" content=\"https:\/\/obertilliacher-bergbahnen.com\/wp-content\/uploads\/2024\/04\/Golzentipp_Osttirol_Herbst_23_Peter_Maier-302-1024x540.jpg\" \/>\n<meta name=\"twitter:card\" content=\"summary_large_image\" \/>\n<meta name=\"twitter:label1\" content=\"Tempo di lettura stimato\" \/>\n\t<meta name=\"twitter:data1\" content=\"2 minutes\" \/>\n<script type=\"application\/ld+json\" class=\"yoast-schema-graph\">{\"@context\":\"https:\\\/\\\/schema.org\",\"@graph\":[{\"@type\":\"WebPage\",\"@id\":\"https:\\\/\\\/obertilliacher-bergbahnen.com\\\/mountainbiken\\\/\",\"url\":\"https:\\\/\\\/obertilliacher-bergbahnen.com\\\/mountainbiken\\\/\",\"name\":\"Mountainbike - Monte sciistico e d\u2019esplorazione\",\"isPartOf\":{\"@id\":\"https:\\\/\\\/obertilliacher-bergbahnen.com\\\/#website\"},\"primaryImageOfPage\":{\"@id\":\"https:\\\/\\\/obertilliacher-bergbahnen.com\\\/mountainbiken\\\/#primaryimage\"},\"image\":{\"@id\":\"https:\\\/\\\/obertilliacher-bergbahnen.com\\\/mountainbiken\\\/#primaryimage\"},\"thumbnailUrl\":\"https:\\\/\\\/obertilliacher-bergbahnen.com\\\/wp-content\\\/uploads\\\/2024\\\/04\\\/Golzentipp_Osttirol_Herbst_23_Peter_Maier-302-1024x540.jpg\",\"datePublished\":\"2020-05-11T11:43:10+00:00\",\"dateModified\":\"2024-04-09T09:27:40+00:00\",\"breadcrumb\":{\"@id\":\"https:\\\/\\\/obertilliacher-bergbahnen.com\\\/mountainbiken\\\/#breadcrumb\"},\"inLanguage\":\"it-IT\",\"potentialAction\":[{\"@type\":\"ReadAction\",\"target\":[\"https:\\\/\\\/obertilliacher-bergbahnen.com\\\/mountainbiken\\\/\"]}]},{\"@type\":\"ImageObject\",\"inLanguage\":\"it-IT\",\"@id\":\"https:\\\/\\\/obertilliacher-bergbahnen.com\\\/mountainbiken\\\/#primaryimage\",\"url\":\"https:\\\/\\\/obertilliacher-bergbahnen.com\\\/wp-content\\\/uploads\\\/2024\\\/04\\\/Golzentipp_Osttirol_Herbst_23_Peter_Maier-302-1024x540.jpg\",\"contentUrl\":\"https:\\\/\\\/obertilliacher-bergbahnen.com\\\/wp-content\\\/uploads\\\/2024\\\/04\\\/Golzentipp_Osttirol_Herbst_23_Peter_Maier-302-1024x540.jpg\"},{\"@type\":\"BreadcrumbList\",\"@id\":\"https:\\\/\\\/obertilliacher-bergbahnen.com\\\/mountainbiken\\\/#breadcrumb\",\"itemListElement\":[{\"@type\":\"ListItem\",\"position\":1,\"name\":\"Startseite\",\"item\":\"https:\\\/\\\/obertilliacher-bergbahnen.com\\\/\"},{\"@type\":\"ListItem\",\"position\":2,\"name\":\"Mountainbiken\"}]},{\"@type\":\"WebSite\",\"@id\":\"https:\\\/\\\/obertilliacher-bergbahnen.com\\\/#website\",\"url\":\"https:\\\/\\\/obertilliacher-bergbahnen.com\\\/\",\"name\":\"Monte sciistico e d\u2019esplorazione\",\"description\":\"GOLZENTIPP \\\/ OBERTILLIACH \",\"publisher\":{\"@id\":\"https:\\\/\\\/obertilliacher-bergbahnen.com\\\/#organization\"},\"potentialAction\":[{\"@type\":\"SearchAction\",\"target\":{\"@type\":\"EntryPoint\",\"urlTemplate\":\"https:\\\/\\\/obertilliacher-bergbahnen.com\\\/?s={search_term_string}\"},\"query-input\":{\"@type\":\"PropertyValueSpecification\",\"valueRequired\":true,\"valueName\":\"search_term_string\"}}],\"inLanguage\":\"it-IT\"},{\"@type\":\"Organization\",\"@id\":\"https:\\\/\\\/obertilliacher-bergbahnen.com\\\/#organization\",\"name\":\"Obertilliacher Bergbahnen\",\"url\":\"https:\\\/\\\/obertilliacher-bergbahnen.com\\\/\",\"logo\":{\"@type\":\"ImageObject\",\"inLanguage\":\"it-IT\",\"@id\":\"https:\\\/\\\/obertilliacher-bergbahnen.com\\\/#\\\/schema\\\/logo\\\/image\\\/\",\"url\":\"https:\\\/\\\/obertilliacher-bergbahnen.com\\\/wp-content\\\/uploads\\\/2020\\\/05\\\/logoneu.png\",\"contentUrl\":\"https:\\\/\\\/obertilliacher-bergbahnen.com\\\/wp-content\\\/uploads\\\/2020\\\/05\\\/logoneu.png\",\"width\":200,\"height\":200,\"caption\":\"Obertilliacher Bergbahnen\"},\"image\":{\"@id\":\"https:\\\/\\\/obertilliacher-bergbahnen.com\\\/#\\\/schema\\\/logo\\\/image\\\/\"}}]}<\/script>\n<!-- \/ Yoast SEO plugin. -->","yoast_head_json":{"title":"Mountainbike  - Monte sciistico e d\u2019esplorazione","robots":{"index":"index","follow":"follow","max-snippet":"max-snippet:-1","max-image-preview":"max-image-preview:large","max-video-preview":"max-video-preview:-1"},"canonical":"https:\/\/obertilliacher-bergbahnen.com\/mountainbiken\/","og_locale":"it_IT","og_type":"article","og_title":"Mountainbike  - Monte sciistico e d\u2019esplorazione","og_url":"https:\/\/obertilliacher-bergbahnen.com\/mountainbiken\/","og_site_name":"Monte sciistico e d\u2019esplorazione","article_modified_time":"2024-04-09T09:27:40+00:00","og_image":[{"url":"https:\/\/obertilliacher-bergbahnen.com\/wp-content\/uploads\/2024\/04\/Golzentipp_Osttirol_Herbst_23_Peter_Maier-302-1024x540.jpg","type":"","width":"","height":""}],"twitter_card":"summary_large_image","twitter_misc":{"Tempo di lettura stimato":"2 minutes"},"schema":{"@context":"https:\/\/schema.org","@graph":[{"@type":"WebPage","@id":"https:\/\/obertilliacher-bergbahnen.com\/mountainbiken\/","url":"https:\/\/obertilliacher-bergbahnen.com\/mountainbiken\/","name":"Mountainbike - Monte sciistico e d\u2019esplorazione","isPartOf":{"@id":"https:\/\/obertilliacher-bergbahnen.com\/#website"},"primaryImageOfPage":{"@id":"https:\/\/obertilliacher-bergbahnen.com\/mountainbiken\/#primaryimage"},"image":{"@id":"https:\/\/obertilliacher-bergbahnen.com\/mountainbiken\/#primaryimage"},"thumbnailUrl":"https:\/\/obertilliacher-bergbahnen.com\/wp-content\/uploads\/2024\/04\/Golzentipp_Osttirol_Herbst_23_Peter_Maier-302-1024x540.jpg","datePublished":"2020-05-11T11:43:10+00:00","dateModified":"2024-04-09T09:27:40+00:00","breadcrumb":{"@id":"https:\/\/obertilliacher-bergbahnen.com\/mountainbiken\/#breadcrumb"},"inLanguage":"it-IT","potentialAction":[{"@type":"ReadAction","target":["https:\/\/obertilliacher-bergbahnen.com\/mountainbiken\/"]}]},{"@type":"ImageObject","inLanguage":"it-IT","@id":"https:\/\/obertilliacher-bergbahnen.com\/mountainbiken\/#primaryimage","url":"https:\/\/obertilliacher-bergbahnen.com\/wp-content\/uploads\/2024\/04\/Golzentipp_Osttirol_Herbst_23_Peter_Maier-302-1024x540.jpg","contentUrl":"https:\/\/obertilliacher-bergbahnen.com\/wp-content\/uploads\/2024\/04\/Golzentipp_Osttirol_Herbst_23_Peter_Maier-302-1024x540.jpg"},{"@type":"BreadcrumbList","@id":"https:\/\/obertilliacher-bergbahnen.com\/mountainbiken\/#breadcrumb","itemListElement":[{"@type":"ListItem","position":1,"name":"Startseite","item":"https:\/\/obertilliacher-bergbahnen.com\/"},{"@type":"ListItem","position":2,"name":"Mountainbiken"}]},{"@type":"WebSite","@id":"https:\/\/obertilliacher-bergbahnen.com\/#website","url":"https:\/\/obertilliacher-bergbahnen.com\/","name":"Monte sciistico e d\u2019esplorazione","description":"GOLZENTIPP \/ OBERTILLIACH ","publisher":{"@id":"https:\/\/obertilliacher-bergbahnen.com\/#organization"},"potentialAction":[{"@type":"SearchAction","target":{"@type":"EntryPoint","urlTemplate":"https:\/\/obertilliacher-bergbahnen.com\/?s={search_term_string}"},"query-input":{"@type":"PropertyValueSpecification","valueRequired":true,"valueName":"search_term_string"}}],"inLanguage":"it-IT"},{"@type":"Organization","@id":"https:\/\/obertilliacher-bergbahnen.com\/#organization","name":"Obertilliacher Bergbahnen","url":"https:\/\/obertilliacher-bergbahnen.com\/","logo":{"@type":"ImageObject","inLanguage":"it-IT","@id":"https:\/\/obertilliacher-bergbahnen.com\/#\/schema\/logo\/image\/","url":"https:\/\/obertilliacher-bergbahnen.com\/wp-content\/uploads\/2020\/05\/logoneu.png","contentUrl":"https:\/\/obertilliacher-bergbahnen.com\/wp-content\/uploads\/2020\/05\/logoneu.png","width":200,"height":200,"caption":"Obertilliacher Bergbahnen"},"image":{"@id":"https:\/\/obertilliacher-bergbahnen.com\/#\/schema\/logo\/image\/"}}]}},"jetpack_shortlink":"https:\/\/wp.me\/PbXjZQ-1C","jetpack_sharing_enabled":true,"amp_enabled":true,"_links":{"self":[{"href":"https:\/\/obertilliacher-bergbahnen.com\/it\/wp-json\/wp\/v2\/pages\/100","targetHints":{"allow":["GET"]}}],"collection":[{"href":"https:\/\/obertilliacher-bergbahnen.com\/it\/wp-json\/wp\/v2\/pages"}],"about":[{"href":"https:\/\/obertilliacher-bergbahnen.com\/it\/wp-json\/wp\/v2\/types\/page"}],"author":[{"embeddable":true,"href":"https:\/\/obertilliacher-bergbahnen.com\/it\/wp-json\/wp\/v2\/users\/185150346"}],"replies":[{"embeddable":true,"href":"https:\/\/obertilliacher-bergbahnen.com\/it\/wp-json\/wp\/v2\/comments?post=100"}],"version-history":[{"count":23,"href":"https:\/\/obertilliacher-bergbahnen.com\/it\/wp-json\/wp\/v2\/pages\/100\/revisions"}],"predecessor-version":[{"id":4763,"href":"https:\/\/obertilliacher-bergbahnen.com\/it\/wp-json\/wp\/v2\/pages\/100\/revisions\/4763"}],"wp:attachment":[{"href":"https:\/\/obertilliacher-bergbahnen.com\/it\/wp-json\/wp\/v2\/media?parent=100"}],"curies":[{"name":"wp","href":"https:\/\/api.w.org\/{rel}","templated":true}]}}